{"id":211,"date":"2025-07-16T22:33:50","date_gmt":"2025-07-17T01:33:50","guid":{"rendered":"https:\/\/sites.ufal.br\/f03d9d3cec\/?page_id=211"},"modified":"2025-07-31T16:52:37","modified_gmt":"2025-07-31T19:52:37","slug":"apresentacao","status":"publish","type":"page","link":"https:\/\/ctec.ufal.br\/posgraduacao\/ppgeq\/apresentacao\/","title":{"rendered":"Apresenta\u00e7\u00e3o"},"content":{"rendered":"\t\t<div data-elementor-type=\"wp-page\" data-elementor-id=\"211\" class=\"elementor elementor-211\" data-elementor-post-type=\"page\">\n\t\t\t\t<div class=\"elementor-element elementor-element-620f949e e-flex e-con-boxed e-con e-parent\" data-id=\"620f949e\" data-element_type=\"container\" data-settings=\"{&quot;background_background&quot;:&quot;classic&quot;}\">\n\t\t\t\t\t<div class=\"e-con-inner\">\n\t\t<div class=\"elementor-element elementor-element-6fb07b37 e-flex e-con-boxed e-con e-child\" data-id=\"6fb07b37\" data-element_type=\"container\">\n\t\t\t\t\t<div class=\"e-con-inner\">\n\t\t\t\t<div class=\"elementor-element elementor-element-4bfc7de0 elementor-view-default elementor-widget elementor-widget-icon\" data-id=\"4bfc7de0\" data-element_type=\"widget\" data-widget_type=\"icon.default\">\n\t\t\t\t\t\t\t<div class=\"elementor-icon-wrapper\">\n\t\t\t<div class=\"elementor-icon\">\n\t\t\t<svg aria-hidden=\"true\" class=\"e-font-icon-svg e-fab-diaspora\" viewBox=\"0 0 512 512\" xmlns=\"http:\/\/www.w3.org\/2000\/svg\"><path d=\"M251.64 354.55c-1.4 0-88 119.9-88.7 119.9S76.34 414 76 413.25s86.6-125.7 86.6-127.4c0-2.2-129.6-44-137.6-47.1-1.3-.5 31.4-101.8 31.7-102.1.6-.7 144.4 47 145.5 47 .4 0 .9-.6 1-1.3.4-2 1-148.6 1.7-149.6.8-1.2 104.5-.7 105.1-.3 1.5 1 3.5 156.1 6.1 156.1 1.4 0 138.7-47 139.3-46.3.8.9 31.9 102.2 31.5 102.6-.9.9-140.2 47.1-140.6 48.8-.3 1.4 82.8 122.1 82.5 122.9s-85.5 63.5-86.3 63.5c-1-.2-89-125.5-90.9-125.5z\"><\/path><\/svg>\t\t\t<\/div>\n\t\t<\/div>\n\t\t\t\t\t\t<\/div>\n\t\t\t\t\t<\/div>\n\t\t\t\t<\/div>\n\t\t\t\t\t<\/div>\n\t\t\t\t<\/div>\n\t\t<div class=\"elementor-element elementor-element-3df8aa3 e-flex e-con-boxed e-con e-parent\" data-id=\"3df8aa3\" data-element_type=\"container\">\n\t\t\t\t\t<div class=\"e-con-inner\">\n\t\t<div class=\"elementor-element elementor-element-98b3a0f e-con-full e-flex e-con e-child\" data-id=\"98b3a0f\" data-element_type=\"container\">\n\t\t\t\t<div class=\"elementor-element elementor-element-8d1abac elementor-widget elementor-widget-text-editor\" data-id=\"8d1abac\" data-element_type=\"widget\" data-widget_type=\"text-editor.default\">\n\t\t\t\t\t\t\t\t\t<div>\u00a0<\/div><p>\u00a0O programa de <strong>P\u00f3s-gradua\u00e7\u00e3o em Engenharia Qu\u00edmica da Universidade Federal de Alagoas &#8211; PPGEQ<\/strong> visa qualificar e capacitar profissionais para difundir conhecimentos e propor solu\u00e7\u00f5es para assuntos relacionados aos processos regionais, particularmente envolvendo os recursos energ\u00e9ticos e biotecnol\u00f3gicos da regi\u00e3o nordeste do Brasil, englobando os processos qu\u00edmicos, bioqu\u00edmicos e fermentativos, sistemas energ\u00e9ticos e meio ambiente.<\/p><p>A finalidade deste Programa de P\u00f3s-Gradua\u00e7\u00e3o \u00e9 capacitar profissionais de n\u00edvel superior para desenvolvimento de pesquisas e trabalhos t\u00e9cnicos, no campo da Engenharia de Processos Qu\u00edmicos e Bioqu\u00edmicos, visando a qualifica\u00e7\u00e3o de pessoal para incentivar o desenvolvimento cient\u00edfico e tecnol\u00f3gico da regi\u00e3o, principalmente no que diz respeito a car\u00eancia energ\u00e9tica do estado e os problemas do parque industrial regional.<\/p>\t\t\t\t\t\t\t\t<\/div>\n\t\t\t\t<\/div>\n\t\t<div class=\"elementor-element elementor-element-5ad599f e-con-full e-flex e-con e-child\" data-id=\"5ad599f\" data-element_type=\"container\">\n\t\t\t\t<div class=\"elementor-element elementor-element-1a093fa elementor-widget elementor-widget-text-editor\" data-id=\"1a093fa\" data-element_type=\"widget\" data-widget_type=\"text-editor.default\">\n\t\t\t\t\t\t\t\t\t<div><div>\u00a0<\/div>\u00a0Os trabalhos desenvolvidos visam setores das usinas sucroalcooleiras, central de utilidade (tratamento d&#8217;\u00e1gua,efluentes, gases, entre outros), ind\u00fastrias locais (petroqu\u00edmica, PVC, cloro e soda, fertilizante, tecelagem, cimento, entre outras), al\u00e9m de temas sobre energia solar e suas aplica\u00e7\u00f5es t\u00e9rmicas, processos catal\u00edticos, petr\u00f3leo e g\u00e1s natural. Especificamente, o Programa visa a amplia\u00e7\u00e3o dos conhecimentos adquiridos na gradua\u00e7\u00e3o, assim como o dom\u00ednio de m\u00e9todos e procedimentos de investiga\u00e7\u00e3o t\u00e9cnico\/cient\u00edfica.<\/div>\t\t\t\t\t\t\t\t<\/div>\n\t\t\t\t<div class=\"elementor-element elementor-element-d0d53a5 elementor-widget elementor-widget-image\" data-id=\"d0d53a5\" data-element_type=\"widget\" data-widget_type=\"image.default\">\n\t\t\t\t\t\t\t\t\t\t\t\t\t\t\t<img fetchpriority=\"high\" decoding=\"async\" width=\"546\" height=\"429\" src=\"https:\/\/ctec.ufal.br\/posgraduacao\/ppgeq\/wp-content\/uploads\/2025\/07\/imagem-lab.png\" class=\"attachment-large size-large wp-image-223\" alt=\"\" srcset=\"https:\/\/ctec.ufal.br\/posgraduacao\/ppgeq\/wp-content\/uploads\/2025\/07\/imagem-lab.png 546w, https:\/\/ctec.ufal.br\/posgraduacao\/ppgeq\/wp-content\/uploads\/2025\/07\/imagem-lab-300x236.png 300w\" sizes=\"(max-width: 546px) 100vw, 546px\" \/>\t\t\t\t\t\t\t\t\t\t\t\t\t\t\t<\/div>\n\t\t\t\t<\/div>\n\t\t\t\t\t<\/div>\n\t\t\t\t<\/div>\n\t\t\t\t<\/div>\n\t\t","protected":false},"excerpt":{"rendered":"<p>\u00a0 \u00a0O programa de P\u00f3s-gradua\u00e7\u00e3o em Engenharia Qu\u00edmica da Universidade Federal de Alagoas &#8211; PPGEQ visa qualificar e capacitar profissionais para difundir conhecimentos e propor solu\u00e7\u00f5es para assuntos relacionados aos processos regionais, particularmente envolvendo os recursos energ\u00e9ticos e biotecnol\u00f3gicos da regi\u00e3o nordeste do Brasil, englobando os processos qu\u00edmicos, bioqu\u00edmicos e fermentativos, sistemas energ\u00e9ticos e meio [&hellip;]<\/p>\n","protected":false},"author":1,"featured_media":0,"parent":0,"menu_order":0,"comment_status":"closed","ping_status":"closed","template":"","meta":{"footnotes":""},"class_list":["post-211","page","type-page","status-publish","hentry"],"_links":{"self":[{"href":"https:\/\/ctec.ufal.br\/posgraduacao\/ppgeq\/wp-json\/wp\/v2\/pages\/211","targetHints":{"allow":["GET"]}}],"collection":[{"href":"https:\/\/ctec.ufal.br\/posgraduacao\/ppgeq\/wp-json\/wp\/v2\/pages"}],"about":[{"href":"https:\/\/ctec.ufal.br\/posgraduacao\/ppgeq\/wp-json\/wp\/v2\/types\/page"}],"author":[{"embeddable":true,"href":"https:\/\/ctec.ufal.br\/posgraduacao\/ppgeq\/wp-json\/wp\/v2\/users\/1"}],"replies":[{"embeddable":true,"href":"https:\/\/ctec.ufal.br\/posgraduacao\/ppgeq\/wp-json\/wp\/v2\/comments?post=211"}],"version-history":[{"count":67,"href":"https:\/\/ctec.ufal.br\/posgraduacao\/ppgeq\/wp-json\/wp\/v2\/pages\/211\/revisions"}],"predecessor-version":[{"id":842,"href":"https:\/\/ctec.ufal.br\/posgraduacao\/ppgeq\/wp-json\/wp\/v2\/pages\/211\/revisions\/842"}],"wp:attachment":[{"href":"https:\/\/ctec.ufal.br\/posgraduacao\/ppgeq\/wp-json\/wp\/v2\/media?parent=211"}],"curies":[{"name":"wp","href":"https:\/\/api.w.org\/{rel}","templated":true}]}}