{"id":1407,"date":"2025-11-03T17:41:21","date_gmt":"2025-11-03T20:41:21","guid":{"rendered":"https:\/\/sites.ufal.br\/f03d9d3cec\/?page_id=1407"},"modified":"2025-11-09T11:01:21","modified_gmt":"2025-11-09T14:01:21","slug":"leeq","status":"publish","type":"page","link":"https:\/\/ctec.ufal.br\/posgraduacao\/ppgeq\/leeq\/","title":{"rendered":"LEEQ"},"content":{"rendered":"\t\t<div data-elementor-type=\"wp-page\" data-elementor-id=\"1407\" class=\"elementor elementor-1407\" data-elementor-post-type=\"page\">\n\t\t\t\t<div class=\"elementor-element elementor-element-3ceb8a61 e-con-full e-flex e-con e-parent\" data-id=\"3ceb8a61\" data-element_type=\"container\" data-settings=\"{&quot;background_background&quot;:&quot;classic&quot;}\">\n\t\t<div class=\"elementor-element elementor-element-79b99c5a e-flex e-con-boxed e-con e-child\" data-id=\"79b99c5a\" data-element_type=\"container\">\n\t\t\t\t\t<div class=\"e-con-inner\">\n\t\t\t\t<div class=\"elementor-element elementor-element-36436f98 elementor-view-default elementor-widget elementor-widget-icon\" data-id=\"36436f98\" data-element_type=\"widget\" data-widget_type=\"icon.default\">\n\t\t\t\t\t\t\t<div class=\"elementor-icon-wrapper\">\n\t\t\t<div class=\"elementor-icon\">\n\t\t\t<svg aria-hidden=\"true\" class=\"e-font-icon-svg e-fas-flask\" viewBox=\"0 0 448 512\" xmlns=\"http:\/\/www.w3.org\/2000\/svg\"><path d=\"M437.2 403.5L320 215V64h8c13.3 0 24-10.7 24-24V24c0-13.3-10.7-24-24-24H120c-13.3 0-24 10.7-24 24v16c0 13.3 10.7 24 24 24h8v151L10.8 403.5C-18.5 450.6 15.3 512 70.9 512h306.2c55.7 0 89.4-61.5 60.1-108.5zM137.9 320l48.2-77.6c3.7-5.2 5.8-11.6 5.8-18.4V64h64v160c0 6.9 2.2 13.2 5.8 18.4l48.2 77.6h-172z\"><\/path><\/svg>\t\t\t<\/div>\n\t\t<\/div>\n\t\t\t\t\t\t<\/div>\n\t\t\t\t\t<\/div>\n\t\t\t\t<\/div>\n\t\t\t\t<\/div>\n\t\t<div class=\"elementor-element elementor-element-2267b2f6 e-flex e-con-boxed e-con e-parent\" data-id=\"2267b2f6\" data-element_type=\"container\">\n\t\t\t\t\t<div class=\"e-con-inner\">\n\t\t<div class=\"elementor-element elementor-element-56d24d6e e-con-full e-flex e-con e-child\" data-id=\"56d24d6e\" data-element_type=\"container\">\n\t\t\t\t<div class=\"elementor-element elementor-element-79091ea elementor-widget elementor-widget-text-editor\" data-id=\"79091ea\" data-element_type=\"widget\" data-widget_type=\"text-editor.default\">\n\t\t\t\t\t\t\t\t\t<div id=\"main-wrapper\" class=\"main-wrapper full-width\"><div id=\"main\" class=\"main row grid16-16\"><div id=\"main-inner\" class=\"main-inner inner clearfix\"><div id=\"main-group\" class=\"main-group row nested grid16-16\"><div id=\"main-group-inner\" class=\"main-group-inner inner\"><div id=\"main-content\" class=\"main-content row nested\"><div id=\"main-content-inner\" class=\"main-content-inner inner\"><div id=\"content-group\" class=\"content-group row nested grid16-16\"><div id=\"content-group-inner\" class=\"content-group-inner inner\"><div id=\"content-region\" class=\"content-region row nested\"><div id=\"content-region-inner\" class=\"content-region-inner inner\"><div id=\"content-inner\" class=\"content-inner block\"><div id=\"content-inner-inner\" class=\"content-inner-inner inner\"><div id=\"content-content\" class=\"content-content\"><div id=\"node-216\" class=\"node odd full-node node-type-page\"><div class=\"inner\"><div class=\"content clearfix\"><p>Coordenado pela professora Renata Maria Rosas Garcia Almeidacom \u00e1rea de 90m\u00b2, o laborat\u00f3rio tem como principal foco a realiza\u00e7\u00e3o de aulas de Laborat\u00f3rio de Engenharia Qu\u00edmica I e II, sendo, tamb\u00e9m, utilizado para pesquisa e desenvolvimento, desenvolvendo trabalhos ligados ao grupo de pesquisa GQMAE (Grupo de Qualidade, Meio Ambiente e Energia), que foca seus estudos no controle de qualidade de produtos e processos, no aproveitamento de res\u00edduos, na minimiza\u00e7\u00e3o de impactos ambientais e no uso de novas tecnologias energ\u00e9ticas.\u00a0<\/p><\/div><\/div><\/div><\/div><\/div><\/div><\/div><\/div><\/div><\/div><\/div><\/div><\/div><\/div><\/div><\/div><\/div><div id=\"parceiros-wrapper\" class=\"parceiros-wrapper full-width\"><div id=\"parceiros\" class=\"parceiros row grid16-16\"><div id=\"parceiros-inner\" class=\"parceiros-inner inner clearfix\"><div id=\"block-views-banners-block_1\" class=\"block block-views odd first grid16-0\"><div class=\"inner\"><div class=\"content\"><div class=\"view view-banners view-id-banners view-display-id-block_1 view-dom-id-1\">\u00a0<\/div><\/div><\/div><\/div><\/div><\/div><\/div>\t\t\t\t\t\t\t\t<\/div>\n\t\t\t\t<div class=\"elementor-element elementor-element-4c6a85d elementor-widget elementor-widget-image\" data-id=\"4c6a85d\" data-element_type=\"widget\" data-widget_type=\"image.default\">\n\t\t\t\t\t\t\t\t\t\t\t\t\t\t\t<img decoding=\"async\" src=\"https:\/\/ctec.ufal.br\/posgraduacao\/ppgeq\/wp-content\/plugins\/elementor\/assets\/images\/placeholder.png\" title=\"\" alt=\"\" loading=\"lazy\" \/>\t\t\t\t\t\t\t\t\t\t\t\t\t\t\t<\/div>\n\t\t\t\t<\/div>\n\t\t<div class=\"elementor-element elementor-element-4be7465e e-con-full e-flex e-con e-child\" data-id=\"4be7465e\" data-element_type=\"container\">\n\t\t\t\t<div class=\"elementor-element elementor-element-495d24b4 elementor-widget elementor-widget-text-editor\" data-id=\"495d24b4\" data-element_type=\"widget\" data-widget_type=\"text-editor.default\">\n\t\t\t\t\t\t\t\t\t<div id=\"main-wrapper\" class=\"main-wrapper full-width\"><div id=\"main\" class=\"main row grid16-16\"><div id=\"main-inner\" class=\"main-inner inner clearfix\"><div id=\"main-group\" class=\"main-group row nested grid16-16\"><div id=\"main-group-inner\" class=\"main-group-inner inner\"><div id=\"main-content\" class=\"main-content row nested\"><div id=\"main-content-inner\" class=\"main-content-inner inner\"><div id=\"content-group\" class=\"content-group row nested grid16-16\"><div id=\"content-group-inner\" class=\"content-group-inner inner\"><div id=\"content-region\" class=\"content-region row nested\"><div id=\"content-region-inner\" class=\"content-region-inner inner\"><div id=\"content-inner\" class=\"content-inner block\"><div id=\"content-inner-inner\" class=\"content-inner-inner inner\"><div id=\"content-content\" class=\"content-content\"><div id=\"node-216\" class=\"node odd full-node node-type-page\"><div class=\"inner\"><div class=\"content clearfix\"><p>Equipamentos existentes: HPLC; agitador de tubos Phoenix AP-56; agitador magn\u00e9tico com aquecimento TE 0851; balan\u00e7a anal\u00edtica Shimadzu AY220 (cap 220 g e resolu\u00e7\u00e3o 0,1 mg); balan\u00e7a de precis\u00e3o Shimadzu BL3200H (cap 500 g e resolu\u00e7\u00e3o 0,001 g); banho maria Dubnoff com agita\u00e7\u00e3o orbital SL-158\/A; bloco digestor de prote\u00edna TE 040\/25, chapa aquecedora TE 0181; contador de col\u00f4nias anal\u00f3gico Phoenix CP 602, destilador de nitrog\u00eanio total TE 0363; destilador de \u00f3leos essenciais TE 2761; estufa bacteriol\u00f3gica SL 101\/150 (150 L); estufa de secagem e esteriliza\u00e7\u00e3o com circula\u00e7\u00e3o e renova\u00e7\u00e3o de ar SL 102\/250 (250 L); extrator de suco Extrasuk Hiper Loren Sid; forno mufla 3000-3P-CE-INOX; geladeira duplex Electrolux DF34; forno de microondas Philco PMS18; incubadora de bancada com agita\u00e7\u00e3o orbital SL-222; m\u00e1quina de descascar laranja; medidor de pH de bancada TEC-5; moinho de facas TE-650; refrat\u00f4metro port\u00e1til digital R2Mini; sistema para determina\u00e7\u00e3o de gordura SL-2028; microdestilador de \u00e1lcool TE 012; espectrofot\u00f4metro SHIMADZU UV-mini 1240.<\/p><\/div><\/div><\/div><\/div><\/div><\/div><\/div><\/div><\/div><\/div><\/div><\/div><\/div><\/div><\/div><\/div><\/div><div id=\"parceiros-wrapper\" class=\"parceiros-wrapper full-width\"><div id=\"parceiros\" class=\"parceiros row grid16-16\"><div id=\"parceiros-inner\" class=\"parceiros-inner inner clearfix\"><div id=\"block-views-banners-block_1\" class=\"block block-views odd first grid16-0\"><div class=\"inner\"><div class=\"content\"><div class=\"view view-banners view-id-banners view-display-id-block_1 view-dom-id-1\"><div class=\"view-content\">\u00a0<\/div><\/div><\/div><\/div><\/div><\/div><\/div><\/div>\t\t\t\t\t\t\t\t<\/div>\n\t\t\t\t<\/div>\n\t\t\t\t\t<\/div>\n\t\t\t\t<\/div>\n\t\t\t\t<\/div>\n\t\t","protected":false},"excerpt":{"rendered":"<p>Coordenado pela professora Renata Maria Rosas Garcia Almeidacom \u00e1rea de 90m\u00b2, o laborat\u00f3rio tem como principal foco a realiza\u00e7\u00e3o de aulas de Laborat\u00f3rio de Engenharia Qu\u00edmica I e II, sendo, tamb\u00e9m, utilizado para pesquisa e desenvolvimento, desenvolvendo trabalhos ligados ao grupo de pesquisa GQMAE (Grupo de Qualidade, Meio Ambiente e Energia), que foca seus estudos [&hellip;]<\/p>\n","protected":false},"author":1,"featured_media":0,"parent":0,"menu_order":0,"comment_status":"closed","ping_status":"closed","template":"","meta":{"footnotes":""},"class_list":["post-1407","page","type-page","status-publish","hentry"],"_links":{"self":[{"href":"https:\/\/ctec.ufal.br\/posgraduacao\/ppgeq\/wp-json\/wp\/v2\/pages\/1407","targetHints":{"allow":["GET"]}}],"collection":[{"href":"https:\/\/ctec.ufal.br\/posgraduacao\/ppgeq\/wp-json\/wp\/v2\/pages"}],"about":[{"href":"https:\/\/ctec.ufal.br\/posgraduacao\/ppgeq\/wp-json\/wp\/v2\/types\/page"}],"author":[{"embeddable":true,"href":"https:\/\/ctec.ufal.br\/posgraduacao\/ppgeq\/wp-json\/wp\/v2\/users\/1"}],"replies":[{"embeddable":true,"href":"https:\/\/ctec.ufal.br\/posgraduacao\/ppgeq\/wp-json\/wp\/v2\/comments?post=1407"}],"version-history":[{"count":7,"href":"https:\/\/ctec.ufal.br\/posgraduacao\/ppgeq\/wp-json\/wp\/v2\/pages\/1407\/revisions"}],"predecessor-version":[{"id":1462,"href":"https:\/\/ctec.ufal.br\/posgraduacao\/ppgeq\/wp-json\/wp\/v2\/pages\/1407\/revisions\/1462"}],"wp:attachment":[{"href":"https:\/\/ctec.ufal.br\/posgraduacao\/ppgeq\/wp-json\/wp\/v2\/media?parent=1407"}],"curies":[{"name":"wp","href":"https:\/\/api.w.org\/{rel}","templated":true}]}}