{"id":1306,"date":"2025-08-16T16:07:49","date_gmt":"2025-08-16T19:07:49","guid":{"rendered":"https:\/\/sites.ufal.br\/f03d9d3cec\/?page_id=1306"},"modified":"2025-11-09T10:39:05","modified_gmt":"2025-11-09T13:39:05","slug":"lapneq","status":"publish","type":"page","link":"https:\/\/ctec.ufal.br\/posgraduacao\/ppgeq\/lapneq\/","title":{"rendered":"LAPNEQ"},"content":{"rendered":"\t\t<div data-elementor-type=\"wp-page\" data-elementor-id=\"1306\" class=\"elementor elementor-1306\" data-elementor-post-type=\"page\">\n\t\t\t\t<div class=\"elementor-element elementor-element-5101a205 e-con-full e-flex e-con e-parent\" data-id=\"5101a205\" data-element_type=\"container\" data-settings=\"{&quot;background_background&quot;:&quot;classic&quot;}\">\n\t\t<div class=\"elementor-element elementor-element-1284670f e-flex e-con-boxed e-con e-child\" data-id=\"1284670f\" data-element_type=\"container\">\n\t\t\t\t\t<div class=\"e-con-inner\">\n\t\t\t\t<div class=\"elementor-element elementor-element-1552d3ad elementor-view-default elementor-widget elementor-widget-icon\" data-id=\"1552d3ad\" data-element_type=\"widget\" data-widget_type=\"icon.default\">\n\t\t\t\t\t\t\t<div class=\"elementor-icon-wrapper\">\n\t\t\t<div class=\"elementor-icon\">\n\t\t\t<svg aria-hidden=\"true\" class=\"e-font-icon-svg e-fas-flask\" viewBox=\"0 0 448 512\" xmlns=\"http:\/\/www.w3.org\/2000\/svg\"><path d=\"M437.2 403.5L320 215V64h8c13.3 0 24-10.7 24-24V24c0-13.3-10.7-24-24-24H120c-13.3 0-24 10.7-24 24v16c0 13.3 10.7 24 24 24h8v151L10.8 403.5C-18.5 450.6 15.3 512 70.9 512h306.2c55.7 0 89.4-61.5 60.1-108.5zM137.9 320l48.2-77.6c3.7-5.2 5.8-11.6 5.8-18.4V64h64v160c0 6.9 2.2 13.2 5.8 18.4l48.2 77.6h-172z\"><\/path><\/svg>\t\t\t<\/div>\n\t\t<\/div>\n\t\t\t\t\t\t<\/div>\n\t\t\t\t\t<\/div>\n\t\t\t\t<\/div>\n\t\t\t\t<\/div>\n\t\t<div class=\"elementor-element elementor-element-7a661fb e-flex e-con-boxed e-con e-parent\" data-id=\"7a661fb\" data-element_type=\"container\">\n\t\t\t\t\t<div class=\"e-con-inner\">\n\t\t<div class=\"elementor-element elementor-element-3ff38378 e-con-full e-flex e-con e-child\" data-id=\"3ff38378\" data-element_type=\"container\">\n\t\t\t\t<div class=\"elementor-element elementor-element-525e4865 elementor-widget elementor-widget-text-editor\" data-id=\"525e4865\" data-element_type=\"widget\" data-widget_type=\"text-editor.default\">\n\t\t\t\t\t\t\t\t\t<p><strong>O Laborat\u00f3rio de Adsor\u00e7\u00e3o, Produtos Naturais e Ecologia Qu\u00edmica (LAPNEQ)<\/strong>, coordenado pelo professor Vanderson B. Bernardo e localizado no Instituto de Qu\u00edmica e Biotecnologia da UFAL, foi criado no in\u00edcio de 2025 e tem como principais \u00e1reas de estudo: a identifica\u00e7\u00e3o, s\u00edntese e aplica\u00e7\u00e3o de metab\u00f3litos secund\u00e1rios produzidos por insetos e plantas como ferramentas para o controle de insetos nocivos \u00e0 sa\u00fade humana e ao setor agropecu\u00e1rio; o desenvolvimento de materiais adsorventes destinados \u00e0 coleta, caracteriza\u00e7\u00e3o e quantifica\u00e7\u00e3o de compostos org\u00e2nicos vol\u00e1teis; a busca por materiais capazes de atuar como sistemas de libera\u00e7\u00e3o de vol\u00e1teis; e a aplica\u00e7\u00e3o de adsorventes na remedia\u00e7\u00e3o de efluentes contaminados.<\/p>\t\t\t\t\t\t\t\t<\/div>\n\t\t\t\t<div class=\"elementor-element elementor-element-aff2ff8 elementor-widget elementor-widget-image\" data-id=\"aff2ff8\" data-element_type=\"widget\" data-widget_type=\"image.default\">\n\t\t\t\t\t\t\t\t\t\t\t\t\t\t\t<img fetchpriority=\"high\" decoding=\"async\" width=\"800\" height=\"534\" src=\"https:\/\/ctec.ufal.br\/posgraduacao\/ppgeq\/wp-content\/uploads\/2025\/08\/a2-1024x683.png\" class=\"attachment-large size-large wp-image-1321\" alt=\"\" srcset=\"https:\/\/ctec.ufal.br\/posgraduacao\/ppgeq\/wp-content\/uploads\/2025\/08\/a2-1024x683.png 1024w, https:\/\/ctec.ufal.br\/posgraduacao\/ppgeq\/wp-content\/uploads\/2025\/08\/a2-300x200.png 300w, https:\/\/ctec.ufal.br\/posgraduacao\/ppgeq\/wp-content\/uploads\/2025\/08\/a2-768x512.png 768w, https:\/\/ctec.ufal.br\/posgraduacao\/ppgeq\/wp-content\/uploads\/2025\/08\/a2.png 1536w\" sizes=\"(max-width: 800px) 100vw, 800px\" \/>\t\t\t\t\t\t\t\t\t\t\t\t\t\t\t<\/div>\n\t\t\t\t<\/div>\n\t\t<div class=\"elementor-element elementor-element-740a1a45 e-con-full e-flex e-con e-child\" data-id=\"740a1a45\" data-element_type=\"container\">\n\t\t\t\t<div class=\"elementor-element elementor-element-fbe3883 elementor-widget elementor-widget-image\" data-id=\"fbe3883\" data-element_type=\"widget\" data-widget_type=\"image.default\">\n\t\t\t\t\t\t\t\t\t\t\t\t\t\t\t<img decoding=\"async\" width=\"800\" height=\"534\" src=\"https:\/\/ctec.ufal.br\/posgraduacao\/ppgeq\/wp-content\/uploads\/2025\/08\/b2-1024x683.png\" class=\"attachment-large size-large wp-image-1322\" alt=\"\" srcset=\"https:\/\/ctec.ufal.br\/posgraduacao\/ppgeq\/wp-content\/uploads\/2025\/08\/b2-1024x683.png 1024w, https:\/\/ctec.ufal.br\/posgraduacao\/ppgeq\/wp-content\/uploads\/2025\/08\/b2-300x200.png 300w, https:\/\/ctec.ufal.br\/posgraduacao\/ppgeq\/wp-content\/uploads\/2025\/08\/b2-768x512.png 768w, https:\/\/ctec.ufal.br\/posgraduacao\/ppgeq\/wp-content\/uploads\/2025\/08\/b2.png 1536w\" sizes=\"(max-width: 800px) 100vw, 800px\" \/>\t\t\t\t\t\t\t\t\t\t\t\t\t\t\t<\/div>\n\t\t\t\t<div class=\"elementor-element elementor-element-0ab91fb elementor-widget elementor-widget-text-editor\" data-id=\"0ab91fb\" data-element_type=\"widget\" data-widget_type=\"text-editor.default\">\n\t\t\t\t\t\t\t\t\t<p>O LAPNEQ desenvolve pesquisas em parceria com outros laborat\u00f3rios dentro da Universidade, combinando expertises em diversas \u00e1reas da qu\u00edmica, engenharia qu\u00edmica, f\u00edsica e qu\u00edmica de materiais. Somado a isto, o laborat\u00f3rio passou a fazer parte do Programa Institutos Nacionais de Ci\u00eancia, Tecnologia e Inova\u00e7\u00e3o, com a aprova\u00e7\u00e3o recente do INCT &#8211; Bioinova\u00e7\u00f5es para Agricultura Sustent\u00e1vel.<\/p>\t\t\t\t\t\t\t\t<\/div>\n\t\t\t\t<\/div>\n\t\t\t\t\t<\/div>\n\t\t\t\t<\/div>\n\t\t\t\t<\/div>\n\t\t","protected":false},"excerpt":{"rendered":"<p>O Laborat\u00f3rio de Adsor\u00e7\u00e3o, Produtos Naturais e Ecologia Qu\u00edmica (LAPNEQ), coordenado pelo professor Vanderson B. Bernardo e localizado no Instituto de Qu\u00edmica e Biotecnologia da UFAL, foi criado no in\u00edcio de 2025 e tem como principais \u00e1reas de estudo: a identifica\u00e7\u00e3o, s\u00edntese e aplica\u00e7\u00e3o de metab\u00f3litos secund\u00e1rios produzidos por insetos e plantas como ferramentas para [&hellip;]<\/p>\n","protected":false},"author":1,"featured_media":0,"parent":0,"menu_order":0,"comment_status":"closed","ping_status":"closed","template":"","meta":{"footnotes":""},"class_list":["post-1306","page","type-page","status-publish","hentry"],"_links":{"self":[{"href":"https:\/\/ctec.ufal.br\/posgraduacao\/ppgeq\/wp-json\/wp\/v2\/pages\/1306","targetHints":{"allow":["GET"]}}],"collection":[{"href":"https:\/\/ctec.ufal.br\/posgraduacao\/ppgeq\/wp-json\/wp\/v2\/pages"}],"about":[{"href":"https:\/\/ctec.ufal.br\/posgraduacao\/ppgeq\/wp-json\/wp\/v2\/types\/page"}],"author":[{"embeddable":true,"href":"https:\/\/ctec.ufal.br\/posgraduacao\/ppgeq\/wp-json\/wp\/v2\/users\/1"}],"replies":[{"embeddable":true,"href":"https:\/\/ctec.ufal.br\/posgraduacao\/ppgeq\/wp-json\/wp\/v2\/comments?post=1306"}],"version-history":[{"count":19,"href":"https:\/\/ctec.ufal.br\/posgraduacao\/ppgeq\/wp-json\/wp\/v2\/pages\/1306\/revisions"}],"predecessor-version":[{"id":1432,"href":"https:\/\/ctec.ufal.br\/posgraduacao\/ppgeq\/wp-json\/wp\/v2\/pages\/1306\/revisions\/1432"}],"wp:attachment":[{"href":"https:\/\/ctec.ufal.br\/posgraduacao\/ppgeq\/wp-json\/wp\/v2\/media?parent=1306"}],"curies":[{"name":"wp","href":"https:\/\/api.w.org\/{rel}","templated":true}]}}