{"id":1202,"date":"2025-08-16T10:48:21","date_gmt":"2025-08-16T13:48:21","guid":{"rendered":"https:\/\/sites.ufal.br\/f03d9d3cec\/?page_id=1202"},"modified":"2025-08-16T16:31:16","modified_gmt":"2025-08-16T19:31:16","slug":"lcsp","status":"publish","type":"page","link":"https:\/\/ctec.ufal.br\/posgraduacao\/ppgeq\/lcsp\/","title":{"rendered":"LCSP"},"content":{"rendered":"\t\t<div data-elementor-type=\"wp-page\" data-elementor-id=\"1202\" class=\"elementor elementor-1202\" data-elementor-post-type=\"page\">\n\t\t\t\t<div class=\"elementor-element elementor-element-67df69de e-con-full e-flex e-con e-parent\" data-id=\"67df69de\" data-element_type=\"container\" data-settings=\"{&quot;background_background&quot;:&quot;classic&quot;}\">\n\t\t<div class=\"elementor-element elementor-element-3df5aa88 e-flex e-con-boxed e-con e-child\" data-id=\"3df5aa88\" data-element_type=\"container\">\n\t\t\t\t\t<div class=\"e-con-inner\">\n\t\t\t\t<div class=\"elementor-element elementor-element-31de75c0 elementor-view-default elementor-widget elementor-widget-icon\" data-id=\"31de75c0\" data-element_type=\"widget\" data-widget_type=\"icon.default\">\n\t\t\t\t\t\t\t<div class=\"elementor-icon-wrapper\">\n\t\t\t<div class=\"elementor-icon\">\n\t\t\t<svg aria-hidden=\"true\" class=\"e-font-icon-svg e-fas-flask\" viewBox=\"0 0 448 512\" xmlns=\"http:\/\/www.w3.org\/2000\/svg\"><path d=\"M437.2 403.5L320 215V64h8c13.3 0 24-10.7 24-24V24c0-13.3-10.7-24-24-24H120c-13.3 0-24 10.7-24 24v16c0 13.3 10.7 24 24 24h8v151L10.8 403.5C-18.5 450.6 15.3 512 70.9 512h306.2c55.7 0 89.4-61.5 60.1-108.5zM137.9 320l48.2-77.6c3.7-5.2 5.8-11.6 5.8-18.4V64h64v160c0 6.9 2.2 13.2 5.8 18.4l48.2 77.6h-172z\"><\/path><\/svg>\t\t\t<\/div>\n\t\t<\/div>\n\t\t\t\t\t\t<\/div>\n\t\t\t\t\t<\/div>\n\t\t\t\t<\/div>\n\t\t\t\t<\/div>\n\t\t<div class=\"elementor-element elementor-element-6ff6324d e-flex e-con-boxed e-con e-parent\" data-id=\"6ff6324d\" data-element_type=\"container\">\n\t\t\t\t\t<div class=\"e-con-inner\">\n\t\t<div class=\"elementor-element elementor-element-3e8c5328 e-con-full e-flex e-con e-child\" data-id=\"3e8c5328\" data-element_type=\"container\">\n\t\t\t\t<div class=\"elementor-element elementor-element-79841075 elementor-widget elementor-widget-text-editor\" data-id=\"79841075\" data-element_type=\"widget\" data-widget_type=\"text-editor.default\">\n\t\t\t\t\t\t\t\t\t<p>As atividades de pesquisa do laborat\u00f3rio envolvem estudos de secagem de produtos agroindustriais atrav\u00e9s de t\u00e9cnicas convencionais e h\u00edbridas (secagem convectiva auxiliada por fonte de radia\u00e7\u00e3o). Al\u00e9m do estudo experimental das secagens, s\u00e3o feitas an\u00e1lises fluidodin\u00e2micas e a simula\u00e7\u00e3o desses processos para complement\u00e1-los. As t\u00e9cnicas de simula\u00e7\u00e3o usadas s\u00e3o CFD (Fluidodin\u00e2mica Computacional) e DEM (M\u00e9todo dos Elementos Discretos).<\/p>\t\t\t\t\t\t\t\t<\/div>\n\t\t\t\t<\/div>\n\t\t<div class=\"elementor-element elementor-element-54553c62 e-con-full e-flex e-con e-child\" data-id=\"54553c62\" data-element_type=\"container\">\n\t\t\t\t<div class=\"elementor-element elementor-element-6f2a969 elementor-widget elementor-widget-image\" data-id=\"6f2a969\" data-element_type=\"widget\" data-widget_type=\"image.default\">\n\t\t\t\t\t\t\t\t\t\t\t\t\t\t\t<img fetchpriority=\"high\" decoding=\"async\" width=\"720\" height=\"390\" src=\"https:\/\/ctec.ufal.br\/posgraduacao\/ppgeq\/wp-content\/uploads\/2025\/08\/lcsp-fotos-laboratorios.webp\" class=\"attachment-large size-large wp-image-1265\" alt=\"\" srcset=\"https:\/\/ctec.ufal.br\/posgraduacao\/ppgeq\/wp-content\/uploads\/2025\/08\/lcsp-fotos-laboratorios.webp 720w, https:\/\/ctec.ufal.br\/posgraduacao\/ppgeq\/wp-content\/uploads\/2025\/08\/lcsp-fotos-laboratorios-300x163.webp 300w\" sizes=\"(max-width: 720px) 100vw, 720px\" \/>\t\t\t\t\t\t\t\t\t\t\t\t\t\t\t<\/div>\n\t\t\t\t<\/div>\n\t\t\t\t\t<\/div>\n\t\t\t\t<\/div>\n\t\t\t\t<\/div>\n\t\t","protected":false},"excerpt":{"rendered":"<p>As atividades de pesquisa do laborat\u00f3rio envolvem estudos de secagem de produtos agroindustriais atrav\u00e9s de t\u00e9cnicas convencionais e h\u00edbridas (secagem convectiva auxiliada por fonte de radia\u00e7\u00e3o). Al\u00e9m do estudo experimental das secagens, s\u00e3o feitas an\u00e1lises fluidodin\u00e2micas e a simula\u00e7\u00e3o desses processos para complement\u00e1-los. As t\u00e9cnicas de simula\u00e7\u00e3o usadas s\u00e3o CFD (Fluidodin\u00e2mica Computacional) e DEM (M\u00e9todo [&hellip;]<\/p>\n","protected":false},"author":1,"featured_media":1265,"parent":0,"menu_order":0,"comment_status":"closed","ping_status":"closed","template":"","meta":{"footnotes":""},"class_list":["post-1202","page","type-page","status-publish","has-post-thumbnail","hentry"],"_links":{"self":[{"href":"https:\/\/ctec.ufal.br\/posgraduacao\/ppgeq\/wp-json\/wp\/v2\/pages\/1202","targetHints":{"allow":["GET"]}}],"collection":[{"href":"https:\/\/ctec.ufal.br\/posgraduacao\/ppgeq\/wp-json\/wp\/v2\/pages"}],"about":[{"href":"https:\/\/ctec.ufal.br\/posgraduacao\/ppgeq\/wp-json\/wp\/v2\/types\/page"}],"author":[{"embeddable":true,"href":"https:\/\/ctec.ufal.br\/posgraduacao\/ppgeq\/wp-json\/wp\/v2\/users\/1"}],"replies":[{"embeddable":true,"href":"https:\/\/ctec.ufal.br\/posgraduacao\/ppgeq\/wp-json\/wp\/v2\/comments?post=1202"}],"version-history":[{"count":7,"href":"https:\/\/ctec.ufal.br\/posgraduacao\/ppgeq\/wp-json\/wp\/v2\/pages\/1202\/revisions"}],"predecessor-version":[{"id":1371,"href":"https:\/\/ctec.ufal.br\/posgraduacao\/ppgeq\/wp-json\/wp\/v2\/pages\/1202\/revisions\/1371"}],"wp:featuredmedia":[{"embeddable":true,"href":"https:\/\/ctec.ufal.br\/posgraduacao\/ppgeq\/wp-json\/wp\/v2\/media\/1265"}],"wp:attachment":[{"href":"https:\/\/ctec.ufal.br\/posgraduacao\/ppgeq\/wp-json\/wp\/v2\/media?parent=1202"}],"curies":[{"name":"wp","href":"https:\/\/api.w.org\/{rel}","templated":true}]}}