{"id":1190,"date":"2025-08-16T10:46:39","date_gmt":"2025-08-16T13:46:39","guid":{"rendered":"https:\/\/sites.ufal.br\/f03d9d3cec\/?page_id=1190"},"modified":"2025-08-16T16:34:45","modified_gmt":"2025-08-16T19:34:45","slug":"lsa","status":"publish","type":"page","link":"https:\/\/ctec.ufal.br\/posgraduacao\/ppgeq\/lsa\/","title":{"rendered":"LSA"},"content":{"rendered":"\t\t<div data-elementor-type=\"wp-page\" data-elementor-id=\"1190\" class=\"elementor elementor-1190\" data-elementor-post-type=\"page\">\n\t\t\t\t<div class=\"elementor-element elementor-element-73efaa61 e-con-full e-flex e-con e-parent\" data-id=\"73efaa61\" data-element_type=\"container\" data-settings=\"{&quot;background_background&quot;:&quot;classic&quot;}\">\n\t\t<div class=\"elementor-element elementor-element-7e4e714 e-flex e-con-boxed e-con e-child\" data-id=\"7e4e714\" data-element_type=\"container\">\n\t\t\t\t\t<div class=\"e-con-inner\">\n\t\t\t\t<div class=\"elementor-element elementor-element-11b777f6 elementor-view-default elementor-widget elementor-widget-icon\" data-id=\"11b777f6\" data-element_type=\"widget\" data-widget_type=\"icon.default\">\n\t\t\t\t\t\t\t<div class=\"elementor-icon-wrapper\">\n\t\t\t<div class=\"elementor-icon\">\n\t\t\t<svg aria-hidden=\"true\" class=\"e-font-icon-svg e-fas-flask\" viewBox=\"0 0 448 512\" xmlns=\"http:\/\/www.w3.org\/2000\/svg\"><path d=\"M437.2 403.5L320 215V64h8c13.3 0 24-10.7 24-24V24c0-13.3-10.7-24-24-24H120c-13.3 0-24 10.7-24 24v16c0 13.3 10.7 24 24 24h8v151L10.8 403.5C-18.5 450.6 15.3 512 70.9 512h306.2c55.7 0 89.4-61.5 60.1-108.5zM137.9 320l48.2-77.6c3.7-5.2 5.8-11.6 5.8-18.4V64h64v160c0 6.9 2.2 13.2 5.8 18.4l48.2 77.6h-172z\"><\/path><\/svg>\t\t\t<\/div>\n\t\t<\/div>\n\t\t\t\t\t\t<\/div>\n\t\t\t\t\t<\/div>\n\t\t\t\t<\/div>\n\t\t\t\t<\/div>\n\t\t<div class=\"elementor-element elementor-element-7e0b9bff e-flex e-con-boxed e-con e-parent\" data-id=\"7e0b9bff\" data-element_type=\"container\">\n\t\t\t\t\t<div class=\"e-con-inner\">\n\t\t<div class=\"elementor-element elementor-element-62f30ad0 e-con-full e-flex e-con e-child\" data-id=\"62f30ad0\" data-element_type=\"container\">\n\t\t\t\t<div class=\"elementor-element elementor-element-9f3235c elementor-widget elementor-widget-text-editor\" data-id=\"9f3235c\" data-element_type=\"widget\" data-widget_type=\"text-editor.default\">\n\t\t\t\t\t\t\t\t\t<p>\u00a0O LSCat possui uma \u00e1rea de 120 m2, \u00e9 composto por 7 ambientes com salas de: difra\u00e7\u00e3o de raios X; infravermelho, equipamentos de caracteriza\u00e7\u00e3o; prepara\u00e7\u00e3o de materiais; testes de atividade de catalisadores e calcina\u00e7\u00e3o; perman\u00eancia de pesquisadores e bancada central. Conta com sistema hidr\u00e1ulico e sistema de gases, configurado para 8 gases de utiliza\u00e7\u00e3o exclusiva ou compartilhada com v\u00e1rios sistemas. A parte el\u00e9trica tem estabilizadores e nobreak para evitar sobrecargas nos equipamentos, al\u00e9m de bancadas, mobili\u00e1rios para apoio, computadores, impressoras e sistemas de prote\u00e7\u00e3o com chuveiro qu\u00edmico.<\/p><p>A sala de prepara\u00e7\u00e3o de catalisadores e adsorventes possui capela para a prepara\u00e7\u00e3o dos materiais e geladeira para preservar os reagentes vol\u00e1teis de prepara\u00e7\u00e3o. A sala de atividade dos catalisadores disp\u00f5e de sistema de calcina\u00e7\u00e3o com dois fornos de calcina\u00e7\u00e3o com controladores e indicadores de temperatura.<\/p><p>Os equipamentos de caracteriza\u00e7\u00e3o dispon\u00edveis s\u00e3o: Difrat\u00f4metro de raios-X, Shimadzu, Modelo XRD-6000; Equipamento de an\u00e1lise termogravim\u00e9trica com an\u00e1lise t\u00e9rmica diferencial simult\u00e2nea (TG\/DTA) TA-60WS e esta\u00e7\u00e3o de DSC-60 Shimadzu; Analizador Superficial de \u00c1rea Espec\u00edfica BET, ASAP 2020 \u2013 Micromeritics; Espectr\u00f4metro na regi\u00e3o do infravermelho m\u00e9dio IR-Prestige da Shimadzu, dois Reatores Parr de 1L, para utiliza\u00e7\u00e3o em rea\u00e7\u00f5es agitadas a alta press\u00e3o ou s\u00ednteses de ze\u00f3lita com agita\u00e7\u00e3o; Reator Parr de 300 mL, para utiliza\u00e7\u00e3o em rea\u00e7\u00f5es agitadas a alta press\u00e3o ou s\u00ednteses de ze\u00f3lita, silicoaluminofosfatos com agita\u00e7\u00e3o; Equipamentos de Dessor\u00e7\u00e3o \u00e0 temperatura programada (TPD-TPR-TPO) de fabrica\u00e7\u00e3o nacional para o estudo das propriedades \u00e1cidas e b\u00e1sicas de catalisadores m\u00e1ssicos e suportados.<\/p>\t\t\t\t\t\t\t\t<\/div>\n\t\t\t\t<\/div>\n\t\t<div class=\"elementor-element elementor-element-2f2cc985 e-con-full e-flex e-con e-child\" data-id=\"2f2cc985\" data-element_type=\"container\">\n\t\t\t\t<div class=\"elementor-element elementor-element-47d9011e elementor-widget elementor-widget-text-editor\" data-id=\"47d9011e\" data-element_type=\"widget\" data-widget_type=\"text-editor.default\">\n\t\t\t\t\t\t\t\t\t<p>\u00a0 Al\u00e9m de experimentos de redu\u00e7\u00e3o\/oxida\u00e7\u00e3o de catalisadores do tipo metal-suportado e experimentos de adsor\u00e7\u00e3o e dessor\u00e7\u00e3o de mol\u00e9culas sondas como hidrog\u00eanio, mon\u00f3xido de carbono, \u00f3xido de nitrog\u00eanio para avaliar a dispers\u00e3o de fases met\u00e1licas depositadas em catalisadores; Cromat\u00f3grafos a g\u00e1s, um VARIAN CP3800 (detector FID\/TCD) e um SHIMADZU GC-2014 AFsc (detector FID); Balan\u00e7a de Adsor\u00e7\u00e3o modelo Canh C1000 para estudos de caracteriza\u00e7\u00e3o avan\u00e7ados de catalisadores; Moinho de bolas da marca Retsch para a redu\u00e7\u00e3o granulom\u00e9trica de materiais duros (compostos cer\u00e2micos); Sistema de avalia\u00e7\u00e3o catal\u00edtica com forno, saturador para produ\u00e7\u00e3o de vapores, e v\u00e1lvulas para regulagem de vaz\u00f5es de gases e acoplamento com instrumentos de detec\u00e7\u00e3o como cromat\u00f3grafos, espectr\u00f4metros de massas, etc.<\/p><p>A sala de prepara\u00e7\u00e3o de catalisadores e adsorventes possui capela para a prepara\u00e7\u00e3o dos materiais e geladeira para preservar os reagentes vol\u00e1teis de prepara\u00e7\u00e3o. A sala de atividade dos catalisadores disp\u00f5e de sistema de calcina\u00e7\u00e3o com dois fornos de calcina\u00e7\u00e3o com controladores e indicadores de temperatura.<\/p>\t\t\t\t\t\t\t\t<\/div>\n\t\t\t\t<\/div>\n\t\t\t\t\t<\/div>\n\t\t\t\t<\/div>\n\t\t\t\t<\/div>\n\t\t","protected":false},"excerpt":{"rendered":"<p>\u00a0O LSCat possui uma \u00e1rea de 120 m2, \u00e9 composto por 7 ambientes com salas de: difra\u00e7\u00e3o de raios X; infravermelho, equipamentos de caracteriza\u00e7\u00e3o; prepara\u00e7\u00e3o de materiais; testes de atividade de catalisadores e calcina\u00e7\u00e3o; perman\u00eancia de pesquisadores e bancada central. Conta com sistema hidr\u00e1ulico e sistema de gases, configurado para 8 gases de utiliza\u00e7\u00e3o exclusiva [&hellip;]<\/p>\n","protected":false},"author":1,"featured_media":0,"parent":0,"menu_order":0,"comment_status":"closed","ping_status":"closed","template":"","meta":{"footnotes":""},"class_list":["post-1190","page","type-page","status-publish","hentry"],"_links":{"self":[{"href":"https:\/\/ctec.ufal.br\/posgraduacao\/ppgeq\/wp-json\/wp\/v2\/pages\/1190","targetHints":{"allow":["GET"]}}],"collection":[{"href":"https:\/\/ctec.ufal.br\/posgraduacao\/ppgeq\/wp-json\/wp\/v2\/pages"}],"about":[{"href":"https:\/\/ctec.ufal.br\/posgraduacao\/ppgeq\/wp-json\/wp\/v2\/types\/page"}],"author":[{"embeddable":true,"href":"https:\/\/ctec.ufal.br\/posgraduacao\/ppgeq\/wp-json\/wp\/v2\/users\/1"}],"replies":[{"embeddable":true,"href":"https:\/\/ctec.ufal.br\/posgraduacao\/ppgeq\/wp-json\/wp\/v2\/comments?post=1190"}],"version-history":[{"count":4,"href":"https:\/\/ctec.ufal.br\/posgraduacao\/ppgeq\/wp-json\/wp\/v2\/pages\/1190\/revisions"}],"predecessor-version":[{"id":1383,"href":"https:\/\/ctec.ufal.br\/posgraduacao\/ppgeq\/wp-json\/wp\/v2\/pages\/1190\/revisions\/1383"}],"wp:attachment":[{"href":"https:\/\/ctec.ufal.br\/posgraduacao\/ppgeq\/wp-json\/wp\/v2\/media?parent=1190"}],"curies":[{"name":"wp","href":"https:\/\/api.w.org\/{rel}","templated":true}]}}