{"id":1182,"date":"2025-08-16T10:45:50","date_gmt":"2025-08-16T13:45:50","guid":{"rendered":"https:\/\/sites.ufal.br\/f03d9d3cec\/?page_id=1182"},"modified":"2025-11-09T10:58:49","modified_gmt":"2025-11-09T13:58:49","slug":"leap","status":"publish","type":"page","link":"https:\/\/ctec.ufal.br\/posgraduacao\/ppgeq\/leap\/","title":{"rendered":"LEAP"},"content":{"rendered":"\t\t<div data-elementor-type=\"wp-page\" data-elementor-id=\"1182\" class=\"elementor elementor-1182\" data-elementor-post-type=\"page\">\n\t\t\t\t<div class=\"elementor-element elementor-element-7df3470a e-con-full e-flex e-con e-parent\" data-id=\"7df3470a\" data-element_type=\"container\" data-settings=\"{&quot;background_background&quot;:&quot;classic&quot;}\">\n\t\t<div class=\"elementor-element elementor-element-bd659f0 e-flex e-con-boxed e-con e-child\" data-id=\"bd659f0\" data-element_type=\"container\">\n\t\t\t\t\t<div class=\"e-con-inner\">\n\t\t\t\t<div class=\"elementor-element elementor-element-10703a00 elementor-view-default elementor-widget elementor-widget-icon\" data-id=\"10703a00\" data-element_type=\"widget\" data-widget_type=\"icon.default\">\n\t\t\t\t\t\t\t<div class=\"elementor-icon-wrapper\">\n\t\t\t<div class=\"elementor-icon\">\n\t\t\t<svg aria-hidden=\"true\" class=\"e-font-icon-svg e-fas-flask\" viewBox=\"0 0 448 512\" xmlns=\"http:\/\/www.w3.org\/2000\/svg\"><path d=\"M437.2 403.5L320 215V64h8c13.3 0 24-10.7 24-24V24c0-13.3-10.7-24-24-24H120c-13.3 0-24 10.7-24 24v16c0 13.3 10.7 24 24 24h8v151L10.8 403.5C-18.5 450.6 15.3 512 70.9 512h306.2c55.7 0 89.4-61.5 60.1-108.5zM137.9 320l48.2-77.6c3.7-5.2 5.8-11.6 5.8-18.4V64h64v160c0 6.9 2.2 13.2 5.8 18.4l48.2 77.6h-172z\"><\/path><\/svg>\t\t\t<\/div>\n\t\t<\/div>\n\t\t\t\t\t\t<\/div>\n\t\t\t\t\t<\/div>\n\t\t\t\t<\/div>\n\t\t\t\t<\/div>\n\t\t<div class=\"elementor-element elementor-element-15c9b017 e-flex e-con-boxed e-con e-parent\" data-id=\"15c9b017\" data-element_type=\"container\">\n\t\t\t\t\t<div class=\"e-con-inner\">\n\t\t<div class=\"elementor-element elementor-element-50c1bf6f e-con-full e-flex e-con e-child\" data-id=\"50c1bf6f\" data-element_type=\"container\">\n\t\t\t\t<div class=\"elementor-element elementor-element-703d5bd4 elementor-widget elementor-widget-text-editor\" data-id=\"703d5bd4\" data-element_type=\"widget\" data-widget_type=\"text-editor.default\">\n\t\t\t\t\t\t\t\t\t<div id=\"main-wrapper\" class=\"main-wrapper full-width\"><div id=\"main\" class=\"main row grid16-16\"><div id=\"main-inner\" class=\"main-inner inner clearfix\"><div id=\"main-group\" class=\"main-group row nested grid16-16\"><div id=\"main-group-inner\" class=\"main-group-inner inner\"><div id=\"main-content\" class=\"main-content row nested\"><div id=\"main-content-inner\" class=\"main-content-inner inner\"><div id=\"content-group\" class=\"content-group row nested grid16-16\"><div id=\"content-group-inner\" class=\"content-group-inner inner\"><div id=\"content-region\" class=\"content-region row nested\"><div id=\"content-region-inner\" class=\"content-region-inner inner\"><div id=\"content-inner\" class=\"content-inner block\"><div id=\"content-inner-inner\" class=\"content-inner-inner inner\"><div id=\"content-content\" class=\"content-content\"><div id=\"node-57\" class=\"node odd full-node node-type-page\"><div class=\"inner\"><div class=\"content clearfix\"><p>O LEAP \u00e9 coordenado pela professora Carmem L\u00facia de Paiva e Silva Zanta. Os principais equipamentos existentes no Laborat\u00f3rio de eletroqu\u00edmica s\u00e3o: Cromat\u00f3grafo gasoso; Analisador de TOC (shimadsu) e DQO, dois Espectrofot\u00f4metro UV e vis; Potenciostato Omnimetra; Potenciostato PAR 273A+ acess\u00f3rios; dois novos Autolab 302 com m\u00f3dulo de an\u00e1lise de frequ\u00eancia (FRA) e \u00a0um sistema de fotoeletroqu\u00edmica acoplado. Temos ainda um Microsc\u00f3pio de for\u00e7a At\u00f4mica Shimadzu J3 com scanners de 125 e de 3 um, Microsc\u00f3pio Eletr\u00f4nico de varredura de Bancada TM 3000-Hitachi com m\u00f3dulo EDS Oxford, Simulador solar de 300W, Fontes de corrente, Purificador de \u00c1gua Milli-Q; Agitadores, pHmetros, Banhos termost\u00e1ticos, etc.. O Instituto de Qu\u00edmica ainda disp\u00f5e dos seguintes equipamentos: Difrat\u00f4metro autom\u00e1tico para monocristais \u2013 KappaCCD; CG-MS \u2013 HP; Espectrofot\u00f4metro IV-FTIR P. Elmer; HPLC Shimadzu, Liofilizador, Muflas; Cromat\u00f3grafo gasoso acoplado a espectr\u00f4metro de massas &#8211; modelo QP -5050 A- Shimadzu, com inje\u00e7\u00e3o de amostra s\u00f3lida; HPLC com detector com arranjos de diodo, com bomba modelo LC 10 VP e Aparelho de Resson\u00e2ncia Magn\u00e9tica Nuclear Bruker, 600 MHz. Esses equipamentos s\u00e3o utilizadospara a realiza\u00e7\u00e3o dos projetos vigentes.<\/p><\/div><\/div><\/div><\/div><\/div><\/div><\/div><\/div><\/div><\/div><\/div><\/div><\/div><\/div><\/div><\/div><\/div><div id=\"parceiros-wrapper\" class=\"parceiros-wrapper full-width\"><div id=\"parceiros\" class=\"parceiros row grid16-16\"><div id=\"parceiros-inner\" class=\"parceiros-inner inner clearfix\"><div id=\"block-views-banners-block_1\" class=\"block block-views odd first grid16-0\"><div class=\"inner\"><div class=\"content\"><div class=\"view view-banners view-id-banners view-display-id-block_1 view-dom-id-1\"><div class=\"view-content\">\u00a0<\/div><\/div><\/div><\/div><\/div><\/div><\/div><\/div>\t\t\t\t\t\t\t\t<\/div>\n\t\t\t\t<\/div>\n\t\t<div class=\"elementor-element elementor-element-36a6b5ff e-con-full e-flex e-con e-child\" data-id=\"36a6b5ff\" data-element_type=\"container\">\n\t\t\t\t<div class=\"elementor-element elementor-element-ef7a042 elementor-widget elementor-widget-image\" data-id=\"ef7a042\" data-element_type=\"widget\" data-widget_type=\"image.default\">\n\t\t\t\t\t\t\t\t\t\t\t\t\t\t\t<img decoding=\"async\" src=\"https:\/\/ctec.ufal.br\/posgraduacao\/ppgeq\/wp-content\/plugins\/elementor\/assets\/images\/placeholder.png\" title=\"\" alt=\"\" loading=\"lazy\" \/>\t\t\t\t\t\t\t\t\t\t\t\t\t\t\t<\/div>\n\t\t\t\t<\/div>\n\t\t\t\t\t<\/div>\n\t\t\t\t<\/div>\n\t\t\t\t<\/div>\n\t\t","protected":false},"excerpt":{"rendered":"<p>O LEAP \u00e9 coordenado pela professora Carmem L\u00facia de Paiva e Silva Zanta. Os principais equipamentos existentes no Laborat\u00f3rio de eletroqu\u00edmica s\u00e3o: Cromat\u00f3grafo gasoso; Analisador de TOC (shimadsu) e DQO, dois Espectrofot\u00f4metro UV e vis; Potenciostato Omnimetra; Potenciostato PAR 273A+ acess\u00f3rios; dois novos Autolab 302 com m\u00f3dulo de an\u00e1lise de frequ\u00eancia (FRA) e \u00a0um sistema [&hellip;]<\/p>\n","protected":false},"author":1,"featured_media":0,"parent":0,"menu_order":0,"comment_status":"closed","ping_status":"closed","template":"","meta":{"footnotes":""},"class_list":["post-1182","page","type-page","status-publish","hentry"],"_links":{"self":[{"href":"https:\/\/ctec.ufal.br\/posgraduacao\/ppgeq\/wp-json\/wp\/v2\/pages\/1182","targetHints":{"allow":["GET"]}}],"collection":[{"href":"https:\/\/ctec.ufal.br\/posgraduacao\/ppgeq\/wp-json\/wp\/v2\/pages"}],"about":[{"href":"https:\/\/ctec.ufal.br\/posgraduacao\/ppgeq\/wp-json\/wp\/v2\/types\/page"}],"author":[{"embeddable":true,"href":"https:\/\/ctec.ufal.br\/posgraduacao\/ppgeq\/wp-json\/wp\/v2\/users\/1"}],"replies":[{"embeddable":true,"href":"https:\/\/ctec.ufal.br\/posgraduacao\/ppgeq\/wp-json\/wp\/v2\/comments?post=1182"}],"version-history":[{"count":10,"href":"https:\/\/ctec.ufal.br\/posgraduacao\/ppgeq\/wp-json\/wp\/v2\/pages\/1182\/revisions"}],"predecessor-version":[{"id":1455,"href":"https:\/\/ctec.ufal.br\/posgraduacao\/ppgeq\/wp-json\/wp\/v2\/pages\/1182\/revisions\/1455"}],"wp:attachment":[{"href":"https:\/\/ctec.ufal.br\/posgraduacao\/ppgeq\/wp-json\/wp\/v2\/media?parent=1182"}],"curies":[{"name":"wp","href":"https:\/\/api.w.org\/{rel}","templated":true}]}}